{"id":60,"date":"2022-11-15T12:08:16","date_gmt":"2022-11-15T12:08:16","guid":{"rendered":"https:\/\/furnismart.eu\/?page_id=60"},"modified":"2024-09-06T12:54:22","modified_gmt":"2024-09-06T12:54:22","slug":"par-mums","status":"publish","type":"page","link":"https:\/\/furnismart.eu\/en\/par-mums\/","title":{"rendered":"About"},"content":{"rendered":"<h1 class=\"wp-block-heading\">Our core values<\/h1><h2 class=\"wp-block-heading\">Ergonomics<\/h2><p>Our ergonomic tables are great solution in stressed environment at work or during learning process to stay active, productive and looking up for your health. We offer not only esthetical tables who look great in all environments, but they will be great long term investment in to support active and healthy daily routines.<\/p><h2 class=\"wp-block-heading\">Service<\/h2><p>Our great team consists of best specialists who are ready to help all our clients with questions regarding our offered products. We support our customers in many languages before and after sales.<\/p><h2 class=\"wp-block-heading\">Quality<\/h2><p>M\u016bsu pied\u0101v\u0101tie biroja galdi ir piln\u012bb\u0101 ra\u017eoti un komplekt\u0113ti Latvij\u0101. Esam izveidoju\u0161i ilggad\u012bgu sadarb\u012bbu ar lab\u0101kajiem Latvijas met\u0101lapstr\u0101des un kokapstr\u0101des uz\u0146\u0113mumiem un komplekt\u0101 ar elektronisko vad\u012bbu no Austrijas pied\u0101v\u0101jam augstas kvalit\u0101tes produktus. Visiem produktiem nodro\u0161in\u0101m 5 gadu garantiju galdu r\u0101mjiem un 2 gadu garantiju elektronikas sast\u0101vda\u013c\u0101m. M\u0113s esam atbild\u012bgi, pret vidi, m\u016bsu klientiem un sadarb\u012bbas partneriem.<\/p><div class=\"wp-block-columns is-layout-flex wp-container-core-columns-is-layout-c6bc58be wp-block-columns-is-layout-flex\" style=\"padding-top:0px;padding-right:0px;padding-bottom:0px;padding-left:0px\"><div class=\"wp-block-column is-layout-flow wp-block-column-is-layout-flow\"><figure class=\"wp-block-image size-full\"><img loading=\"lazy\" decoding=\"async\" width=\"600\" height=\"400\" src=\"https:\/\/furnismart.eu\/wp-content\/uploads\/2022\/11\/Parts4Office-6_sm.webp\" alt=\"galda mala\" class=\"wp-image-182\" srcset=\"https:\/\/furnismart.eu\/wp-content\/uploads\/2022\/11\/Parts4Office-6_sm.webp 600w, https:\/\/furnismart.eu\/wp-content\/uploads\/2022\/11\/Parts4Office-6_sm-416x277.webp 416w, https:\/\/furnismart.eu\/wp-content\/uploads\/2022\/11\/Parts4Office-6_sm-300x200.webp 300w, https:\/\/furnismart.eu\/wp-content\/uploads\/2022\/11\/Parts4Office-6_sm-18x12.webp 18w\" sizes=\"auto, (max-width: 600px) 100vw, 600px\" \/><\/figure><\/div>\n\n<div class=\"wp-block-column is-layout-flow wp-block-column-is-layout-flow\"><p>M\u0113s v\u0113lamies pal\u012bdz\u0113t rad\u012bt pat\u012bkamu un \u0113rtu darba vidi, neatkar\u012bgi vai tas b\u016btu ofiss vai m\u0101jas birojs. M\u016bsu augstum\u0101 regul\u0101jamos galdus ir iesp\u0113jams integr\u0113t jebkur\u0101 dizain\u0101.<\/p><\/div><\/div><p>Thanks to many years of experience in product development, improvement and manufacturing we are confident in our product quality and reliability. We take into our minds our customer feedback and implement that in new product development and creative solutions.&nbsp;<\/p><p>We offer quality, design and long term solutions to our customers as they are main foundations for work efficiency and well being.<\/p><p>Our main priorities are quality and reliability.<\/p>","protected":false},"excerpt":{"rendered":"<p>M\u016bsu pamatv\u0113rt\u012bbas Ergonomika M\u016bsu ergonomiskie galdi ir lielisks risin\u0101jums, lai saspringtaj\u0101 darba vai m\u0101c\u012bbu proces\u0101 m\u016bsu klienti paliktu akt\u012bvi, produkt\u012bvi un r\u016bp\u0113tos par vesel\u012bbu. M\u0113s pied\u0101v\u0101jam ne tikai est\u0113tiskus galdus, kas lieliski iek\u013causies jebkur\u0101 interjer\u0101, bet galvenok\u0101rt tas ir ilgtermi\u0146a ieguld\u012bjums akt\u012bvas un vesel\u012bgas ikdienas nodro\u0161in\u0101\u0161an\u0101. Serviss M\u016bsu lielisk\u0101 komanda sast\u0101v no lab\u0101kajiem speci\u0101listiem, kas [&hellip;]<\/p>","protected":false},"author":1,"featured_media":0,"parent":0,"menu_order":0,"comment_status":"closed","ping_status":"closed","template":"","meta":{"_monsterinsights_skip_tracking":false,"_monsterinsights_sitenote_active":false,"_monsterinsights_sitenote_note":"","_monsterinsights_sitenote_category":0,"site-sidebar-layout":"default","site-content-layout":"","ast-site-content-layout":"default","site-content-style":"default","site-sidebar-style":"default","ast-global-header-display":"","ast-banner-title-visibility":"","ast-main-header-display":"","ast-hfb-above-header-display":"","ast-hfb-below-header-display":"","ast-hfb-mobile-header-display":"","site-post-title":"disabled","ast-breadcrumbs-content":"","ast-featured-img":"","footer-sml-layout":"","theme-transparent-header-meta":"","adv-header-id-meta":"","stick-header-meta":"","header-above-stick-meta":"","header-main-stick-meta":"","header-below-stick-meta":"","astra-migrate-meta-layouts":"set","ast-page-background-enabled":"default","ast-page-background-meta":{"desktop":{"background-color":"var(--ast-global-color-4)","background-image":"","background-repeat":"repeat","background-position":"center center","background-size":"auto","background-attachment":"scroll","background-type":"","background-media":"","overlay-type":"","overlay-color":"","overlay-gradient":""},"tablet":{"background-color":"","background-image":"","background-repeat":"repeat","background-position":"center center","background-size":"auto","background-attachment":"scroll","background-type":"","background-media":"","overlay-type":"","overlay-color":"","overlay-gradient":""},"mobile":{"background-color":"","background-image":"","background-repeat":"repeat","background-position":"center center","background-size":"auto","background-attachment":"scroll","background-type":"","background-media":"","overlay-type":"","overlay-color":"","overlay-gradient":""}},"ast-content-background-meta":{"desktop":{"background-color":"var(--ast-global-color-5)","background-image":"","background-repeat":"repeat","background-position":"center center","background-size":"auto","background-attachment":"scroll","background-type":"","background-media":"","overlay-type":"","overlay-color":"","overlay-gradient":""},"tablet":{"background-color":"var(--ast-global-color-5)","background-image":"","background-repeat":"repeat","background-position":"center center","background-size":"auto","background-attachment":"scroll","background-type":"","background-media":"","overlay-type":"","overlay-color":"","overlay-gradient":""},"mobile":{"background-color":"var(--ast-global-color-5)","background-image":"","background-repeat":"repeat","background-position":"center center","background-size":"auto","background-attachment":"scroll","background-type":"","background-media":"","overlay-type":"","overlay-color":"","overlay-gradient":""}},"footnotes":""},"class_list":["post-60","page","type-page","status-publish","hentry"],"_links":{"self":[{"href":"https:\/\/furnismart.eu\/en\/wp-json\/wp\/v2\/pages\/60","targetHints":{"allow":["GET"]}}],"collection":[{"href":"https:\/\/furnismart.eu\/en\/wp-json\/wp\/v2\/pages"}],"about":[{"href":"https:\/\/furnismart.eu\/en\/wp-json\/wp\/v2\/types\/page"}],"author":[{"embeddable":true,"href":"https:\/\/furnismart.eu\/en\/wp-json\/wp\/v2\/users\/1"}],"replies":[{"embeddable":true,"href":"https:\/\/furnismart.eu\/en\/wp-json\/wp\/v2\/comments?post=60"}],"version-history":[{"count":7,"href":"https:\/\/furnismart.eu\/en\/wp-json\/wp\/v2\/pages\/60\/revisions"}],"predecessor-version":[{"id":487,"href":"https:\/\/furnismart.eu\/en\/wp-json\/wp\/v2\/pages\/60\/revisions\/487"}],"wp:attachment":[{"href":"https:\/\/furnismart.eu\/en\/wp-json\/wp\/v2\/media?parent=60"}],"curies":[{"name":"wp","href":"https:\/\/api.w.org\/{rel}","templated":true}]}}