{"id":91,"date":"2022-11-15T16:46:24","date_gmt":"2022-11-15T16:46:24","guid":{"rendered":"https:\/\/furnismart.eu\/?page_id=91"},"modified":"2024-09-06T12:36:25","modified_gmt":"2024-09-06T12:36:25","slug":"sakumlapa","status":"publish","type":"page","link":"https:\/\/furnismart.eu\/en\/","title":{"rendered":"Home"},"content":{"rendered":"<h2 class=\"wp-block-heading\">New products in our shop<\/h2><div data-block-name=\"woocommerce\/products-by-attribute\" data-columns=\"4\" data-content-visibility=\"{&quot;image&quot;:true,&quot;title&quot;:true,&quot;price&quot;:true,&quot;rating&quot;:false,&quot;button&quot;:true}\" data-rows=\"1\" class=\"wc-block-grid wp-block-products-by-attribute wc-block-products-by-attribute has-4-columns\"><ul class=\"wc-block-grid__products\"><li class=\"wc-block-grid__product\">\n\t\t\t\t<a href=\"https:\/\/furnismart.eu\/en\/veikals\/augstuma-regulejami-galdi\/augstuma-regulejams-galds-ar-120-cm-x-70cm-galda-virsmu-un-2-posmu-kajam\/\" class=\"wc-block-grid__product-link\">\n\t\t\t\t\t\n\t\t\t\t\t<div class=\"wc-block-grid__product-image\"><img loading=\"lazy\" decoding=\"async\" width=\"300\" height=\"300\" src=\"https:\/\/furnismart.eu\/wp-content\/uploads\/2022\/11\/FotoValtersPelns_web-0155-300x300.jpg\" class=\"attachment-woocommerce_thumbnail size-woocommerce_thumbnail\" alt=\"Augstum\u0101 regul\u0113jams galds\" srcset=\"https:\/\/furnismart.eu\/wp-content\/uploads\/2022\/11\/FotoValtersPelns_web-0155-300x300.jpg 300w, https:\/\/furnismart.eu\/wp-content\/uploads\/2022\/11\/FotoValtersPelns_web-0155-100x100.jpg 100w, https:\/\/furnismart.eu\/wp-content\/uploads\/2022\/11\/FotoValtersPelns_web-0155-150x150.jpg 150w\" sizes=\"auto, (max-width: 300px) 100vw, 300px\" \/><\/div>\n\t\t\t\t\t<div class=\"wc-block-grid__product-title\">HEIGHT ADJUSTABLE TABLE WITH 2 STROKE LEGS, 120 CM X 70 CM TABLE TOP<\/div>\n\t\t\t\t<\/a>\n\t\t\t\t<div class=\"wc-block-grid__product-price price\"><span class=\"woocommerce-Price-amount amount\">309,99&nbsp;<span class=\"woocommerce-Price-currencySymbol\">&euro;<\/span><\/span><\/div>\n\t\t\t\t\n\t\t\t\t<div class=\"wp-block-button wc-block-grid__product-add-to-cart\"><a href=\"https:\/\/furnismart.eu\/en\/veikals\/augstuma-regulejami-galdi\/augstuma-regulejams-galds-ar-120-cm-x-70cm-galda-virsmu-un-2-posmu-kajam\/\" aria-label=\"Select options for \u201cAugstum\u0101 regul\u0113jams galds ar 2 posmu k\u0101j\u0101m, 120 cm x 70 cm galda virsma\u201d\" data-quantity=\"1\" data-product_id=\"96\" data-product_sku=\"\" data-price=\"309.99\" rel=\"nofollow\" class=\"wp-block-button__link  add_to_cart_button\" data-no-translation=\"\" data-trp-gettext=\"\" data-no-translation-aria-label=\"\">Select options<\/a><\/div>\n\t\t\t<\/li><li class=\"wc-block-grid__product\">\n\t\t\t\t<a href=\"https:\/\/furnismart.eu\/en\/veikals\/augstuma-regulejami-galdi\/augstuma-regulejams-galds-ar-160-cm-x-80cm-galda-virsmu-un-3-posmu-kajam\/\" class=\"wc-block-grid__product-link\">\n\t\t\t\t\t\n\t\t\t\t\t<div class=\"wc-block-grid__product-image\"><img loading=\"lazy\" decoding=\"async\" width=\"300\" height=\"300\" src=\"https:\/\/furnismart.eu\/wp-content\/uploads\/2022\/11\/FotoValtersPelns_web-0168-300x300.jpg\" class=\"attachment-woocommerce_thumbnail size-woocommerce_thumbnail\" alt=\"Biroja galds Balts\" srcset=\"https:\/\/furnismart.eu\/wp-content\/uploads\/2022\/11\/FotoValtersPelns_web-0168-300x300.jpg 300w, https:\/\/furnismart.eu\/wp-content\/uploads\/2022\/11\/FotoValtersPelns_web-0168-100x100.jpg 100w, https:\/\/furnismart.eu\/wp-content\/uploads\/2022\/11\/FotoValtersPelns_web-0168-150x150.jpg 150w\" sizes=\"auto, (max-width: 300px) 100vw, 300px\" \/><\/div>\n\t\t\t\t\t<div class=\"wc-block-grid__product-title\">HEIGHT ADJUSTABLE TABLE WITH 3 STROKE LEGS, 160 CM X 80 CM TABLE TOP<\/div>\n\t\t\t\t<\/a>\n\t\t\t\t<div class=\"wc-block-grid__product-price price\"><span class=\"woocommerce-Price-amount amount\">434,99&nbsp;<span class=\"woocommerce-Price-currencySymbol\">&euro;<\/span><\/span><\/div>\n\t\t\t\t\n\t\t\t\t<div class=\"wp-block-button wc-block-grid__product-add-to-cart\"><a href=\"https:\/\/furnismart.eu\/en\/veikals\/augstuma-regulejami-galdi\/augstuma-regulejams-galds-ar-160-cm-x-80cm-galda-virsmu-un-3-posmu-kajam\/\" aria-label=\"Select options for \u201cAugstum\u0101 regul\u0113jams galds ar 3 posmu k\u0101j\u0101m, 160 cm x 80 cm galda virsma\u201d\" data-quantity=\"1\" data-product_id=\"101\" data-product_sku=\"\" data-price=\"434.99\" rel=\"nofollow\" class=\"wp-block-button__link  add_to_cart_button\" data-no-translation=\"\" data-trp-gettext=\"\" data-no-translation-aria-label=\"\">Select options<\/a><\/div>\n\t\t\t<\/li><li class=\"wc-block-grid__product\">\n\t\t\t\t<a href=\"https:\/\/furnismart.eu\/en\/veikals\/premium-galdi\/premium-augstuma-regulejams-galds-ar-160-cm-x-80cm-linoleja-galda-virsmu-un-3-posmu-kajam\/\" class=\"wc-block-grid__product-link\">\n\t\t\t\t\t\n\t\t\t\t\t<div class=\"wc-block-grid__product-image\"><img loading=\"lazy\" decoding=\"async\" width=\"300\" height=\"300\" src=\"https:\/\/furnismart.eu\/wp-content\/uploads\/2023\/02\/FotoValtersPelns_web-0178-300x300.jpg\" class=\"attachment-woocommerce_thumbnail size-woocommerce_thumbnail\" alt=\"Biroja galds Melns\" srcset=\"https:\/\/furnismart.eu\/wp-content\/uploads\/2023\/02\/FotoValtersPelns_web-0178-300x300.jpg 300w, https:\/\/furnismart.eu\/wp-content\/uploads\/2023\/02\/FotoValtersPelns_web-0178-100x100.jpg 100w, https:\/\/furnismart.eu\/wp-content\/uploads\/2023\/02\/FotoValtersPelns_web-0178-150x150.jpg 150w\" sizes=\"auto, (max-width: 300px) 100vw, 300px\" \/><\/div>\n\t\t\t\t\t<div class=\"wc-block-grid__product-title\">PREMIUM HEIGHT ADJUSTABLE TABLE WITH 3 STROKE LEGS, 160 CM X 80 CM BLACK LINOLEUM TABLE TOP<\/div>\n\t\t\t\t<\/a>\n\t\t\t\t<div class=\"wc-block-grid__product-price price\"><span class=\"woocommerce-Price-amount amount\">604,99&nbsp;<span class=\"woocommerce-Price-currencySymbol\">&euro;<\/span><\/span><\/div>\n\t\t\t\t\n\t\t\t\t<div class=\"wp-block-button wc-block-grid__product-add-to-cart\"><a href=\"?add-to-cart=302\" aria-label=\"Add to basket: \u201cPremium Augstum\u0101 regul\u0113jams galds ar 3 posmu k\u0101j\u0101m, 160 cm x 80 cm linoleja galda virsma\u201d\" data-quantity=\"1\" data-product_id=\"302\" data-product_sku=\"\" data-price=\"604.99\" rel=\"nofollow\" class=\"wp-block-button__link  add_to_cart_button ajax_add_to_cart\" data-no-translation=\"\" data-trp-gettext=\"\" data-no-translation-aria-label=\"\">Add to basket<\/a><\/div>\n\t\t\t<\/li><li class=\"wc-block-grid__product\">\n\t\t\t\t<a href=\"https:\/\/furnismart.eu\/en\/veikals\/premium-galdi\/premium-augstuma-regulejams-galds-ar-160-cm-x-80-cm-ozola-virsmu-un-3-posmu-kajam\/\" class=\"wc-block-grid__product-link\">\n\t\t\t\t\t\n\t\t\t\t\t<div class=\"wc-block-grid__product-image\"><img loading=\"lazy\" decoding=\"async\" width=\"300\" height=\"300\" src=\"https:\/\/furnismart.eu\/wp-content\/uploads\/2022\/11\/Parts4Office-1-1-scaled-300x300.jpg\" class=\"attachment-woocommerce_thumbnail size-woocommerce_thumbnail\" alt=\"Biroja galds ozols\" srcset=\"https:\/\/furnismart.eu\/wp-content\/uploads\/2022\/11\/Parts4Office-1-1-scaled-300x300.jpg 300w, https:\/\/furnismart.eu\/wp-content\/uploads\/2022\/11\/Parts4Office-1-1-scaled-100x100.jpg 100w, https:\/\/furnismart.eu\/wp-content\/uploads\/2022\/11\/Parts4Office-1-1-150x150.jpg 150w\" sizes=\"auto, (max-width: 300px) 100vw, 300px\" \/><\/div>\n\t\t\t\t\t<div class=\"wc-block-grid__product-title\">PREMIUM HEIGHT ADJUSTABLE TABLE WITH 3 STROKE LEGS, 160 CM X 80 CM OAK TABLE TOP<\/div>\n\t\t\t\t<\/a>\n\t\t\t\t<div class=\"wc-block-grid__product-price price\"><span class=\"woocommerce-Price-amount amount\">1649,99&nbsp;<span class=\"woocommerce-Price-currencySymbol\">&euro;<\/span><\/span><\/div>\n\t\t\t\t\n\t\t\t\t<div class=\"wp-block-button wc-block-grid__product-add-to-cart\"><a href=\"https:\/\/furnismart.eu\/en\/veikals\/premium-galdi\/premium-augstuma-regulejams-galds-ar-160-cm-x-80-cm-ozola-virsmu-un-3-posmu-kajam\/\" aria-label=\"Select options for \u201cPremium augstum\u0101 regul\u0113jams galds ar  3 posmu k\u0101j\u0101m, 160 cm x 80 cm ozola virsma\u201d\" data-quantity=\"1\" data-product_id=\"170\" data-product_sku=\"\" data-price=\"1649.99\" rel=\"nofollow\" class=\"wp-block-button__link  add_to_cart_button\" data-no-translation=\"\" data-trp-gettext=\"\" data-no-translation-aria-label=\"\">Select options<\/a><\/div>\n\t\t\t<\/li><\/ul><\/div><h2 class=\"wp-block-heading\">About us<\/h2><p>M\u016bsu pied\u0101v\u0101tie augstum\u0101 regul\u0113jamie galdi ir piln\u012bb\u0101 ra\u017eoti un komplekt\u0113ti Latvij\u0101. Esam izveidoju\u0161i ilggad\u012bgu sadarb\u012bbu ar lab\u0101kajiem Latvijas met\u0101lapstr\u0101des un kokapstr\u0101des uz\u0146\u0113mumiem un komplekt\u0101 ar elektronisko vad\u012bbu no Austrijas pied\u0101v\u0101jam augstas kvalit\u0101tes produktus. Visiem produktiem nodro\u0161in\u0101m 5 gadu garantiju galdu r\u0101mjiem un 2 gadu garantiju elektronikas sast\u0101vda\u013c\u0101m. M\u0113s esam atbild\u012bgi, pret vidi, m\u016bsu klientiem un sadarb\u012bbas partneriem.<\/p><div class=\"wp-block-buttons is-content-justification-center is-layout-flex wp-container-core-buttons-is-layout-2e156b00 wp-block-buttons-is-layout-flex\" style=\"margin-bottom:2rem\"><div class=\"wp-block-button\"><a class=\"wp-block-button__link wp-element-button\" href=\"https:\/\/furnismart.eu\/en\/par-mums\/\">Las\u012bt vair\u0101k &#8230;<\/a><\/div><\/div>","protected":false},"excerpt":{"rendered":"<p>Jaun\u0101kie produkti Par mums M\u016bsu pied\u0101v\u0101tie augstum\u0101 regul\u0113jamie galdi ir piln\u012bb\u0101 ra\u017eoti un komplekt\u0113ti Latvij\u0101. Esam izveidoju\u0161i ilggad\u012bgu sadarb\u012bbu ar lab\u0101kajiem Latvijas met\u0101lapstr\u0101des un kokapstr\u0101des uz\u0146\u0113mumiem un komplekt\u0101 ar elektronisko vad\u012bbu no Austrijas pied\u0101v\u0101jam augstas kvalit\u0101tes produktus. Visiem produktiem nodro\u0161in\u0101m 5 gadu garantiju galdu r\u0101mjiem un 2 gadu garantiju elektronikas sast\u0101vda\u013c\u0101m. M\u0113s esam atbild\u012bgi, pret [&hellip;]<\/p>","protected":false},"author":1,"featured_media":0,"parent":0,"menu_order":0,"comment_status":"closed","ping_status":"closed","template":"","meta":{"_monsterinsights_skip_tracking":false,"_monsterinsights_sitenote_active":false,"_monsterinsights_sitenote_note":"","_monsterinsights_sitenote_category":0,"site-sidebar-layout":"default","site-content-layout":"","ast-site-content-layout":"default","site-content-style":"default","site-sidebar-style":"default","ast-global-header-display":"","ast-banner-title-visibility":"","ast-main-header-display":"","ast-hfb-above-header-display":"","ast-hfb-below-header-display":"","ast-hfb-mobile-header-display":"","site-post-title":"disabled","ast-breadcrumbs-content":"","ast-featured-img":"","footer-sml-layout":"","theme-transparent-header-meta":"","adv-header-id-meta":"","stick-header-meta":"","header-above-stick-meta":"","header-main-stick-meta":"","header-below-stick-meta":"","astra-migrate-meta-layouts":"set","ast-page-background-enabled":"default","ast-page-background-meta":{"desktop":{"background-color":"var(--ast-global-color-4)","background-image":"","background-repeat":"repeat","background-position":"center center","background-size":"auto","background-attachment":"scroll","background-type":"","background-media":"","overlay-type":"","overlay-color":"","overlay-gradient":""},"tablet":{"background-color":"","background-image":"","background-repeat":"repeat","background-position":"center center","background-size":"auto","background-attachment":"scroll","background-type":"","background-media":"","overlay-type":"","overlay-color":"","overlay-gradient":""},"mobile":{"background-color":"","background-image":"","background-repeat":"repeat","background-position":"center center","background-size":"auto","background-attachment":"scroll","background-type":"","background-media":"","overlay-type":"","overlay-color":"","overlay-gradient":""}},"ast-content-background-meta":{"desktop":{"background-color":"var(--ast-global-color-5)","background-image":"","background-repeat":"repeat","background-position":"center center","background-size":"auto","background-attachment":"scroll","background-type":"","background-media":"","overlay-type":"","overlay-color":"","overlay-gradient":""},"tablet":{"background-color":"var(--ast-global-color-5)","background-image":"","background-repeat":"repeat","background-position":"center center","background-size":"auto","background-attachment":"scroll","background-type":"","background-media":"","overlay-type":"","overlay-color":"","overlay-gradient":""},"mobile":{"background-color":"var(--ast-global-color-5)","background-image":"","background-repeat":"repeat","background-position":"center center","background-size":"auto","background-attachment":"scroll","background-type":"","background-media":"","overlay-type":"","overlay-color":"","overlay-gradient":""}},"footnotes":""},"class_list":["post-91","page","type-page","status-publish","hentry"],"_links":{"self":[{"href":"https:\/\/furnismart.eu\/en\/wp-json\/wp\/v2\/pages\/91","targetHints":{"allow":["GET"]}}],"collection":[{"href":"https:\/\/furnismart.eu\/en\/wp-json\/wp\/v2\/pages"}],"about":[{"href":"https:\/\/furnismart.eu\/en\/wp-json\/wp\/v2\/types\/page"}],"author":[{"embeddable":true,"href":"https:\/\/furnismart.eu\/en\/wp-json\/wp\/v2\/users\/1"}],"replies":[{"embeddable":true,"href":"https:\/\/furnismart.eu\/en\/wp-json\/wp\/v2\/comments?post=91"}],"version-history":[{"count":10,"href":"https:\/\/furnismart.eu\/en\/wp-json\/wp\/v2\/pages\/91\/revisions"}],"predecessor-version":[{"id":485,"href":"https:\/\/furnismart.eu\/en\/wp-json\/wp\/v2\/pages\/91\/revisions\/485"}],"wp:attachment":[{"href":"https:\/\/furnismart.eu\/en\/wp-json\/wp\/v2\/media?parent=91"}],"curies":[{"name":"wp","href":"https:\/\/api.w.org\/{rel}","templated":true}]}}