{"id":166,"date":"2022-11-25T16:33:54","date_gmt":"2022-11-25T16:33:54","guid":{"rendered":"https:\/\/furnismart.eu\/?post_type=product&#038;p=166"},"modified":"2023-09-25T06:11:59","modified_gmt":"2023-09-25T06:11:59","slug":"augstuma-regulejams-galds-ar-70-cm-x-50-cm-galda-virsmu-gazes-atsperes-mehanisms","status":"publish","type":"product","link":"https:\/\/furnismart.eu\/en\/veikals\/augstuma-regulejami-galdi\/augstuma-regulejams-galds-ar-70-cm-x-50-cm-galda-virsmu-gazes-atsperes-mehanisms\/","title":{"rendered":"HEIGHT ADJUSTABLE TABLE WITH 70 CM X 50CM TABLE TOP, GAS SPRING MECHANISM"},"content":{"rendered":"<ul>\n<li>Stable height adjustable table with gas spring mechanism. Quality table frame in combination with 25mm thick table top are produced in Latvia.<\/li>\n<li>Table top size 70 cm x 50 cm<\/li>\n<li>To regulate height of this table you just need to press lever on right side of the table and with slight push up or down you can set the table to desired position.<\/li>\n<li>Height of table top:\n<ul>\n<li>Lowest level 680mm<\/li>\n<li>Highest level 1125mm<\/li>\n<\/ul>\n<\/li>\n<li>Table feet has small adjustment screws to help level the system.<\/li>\n<\/ul>\n<p>Tables are delivered disassembled. Thanks to its unique design table assembly is very easy. Assembly manual is supplied together with the table.<\/p>\n<p>Table is supplied just in one box.<\/p>\n<p>Weight of packaging 30 kg<\/p>","protected":false},"excerpt":{"rendered":"<p>Stabils augstum\u0101 regul\u0113jams galds ar g\u0101zes atsperes meh\u0101nismu. Kvalitat\u012bvs galda r\u0101mis un 25mm darba virsma ir ra\u017eoti Latvij\u0101. Galda virsma 70 cm x 50 cm Galda pacel\u0161ana un nolai\u0161ana tiek veikta ar sviru galda labaj\u0101 pus\u0113. Sviru nospie\u017eot galda virsmu var pacelt vai nolaist v\u0113lamaj\u0101 l\u012bmen\u012b bez lielas piep\u016bles. Galda virsmas poz\u012bcijas: Zem\u0101kais l\u012bmenis &#8211; [&hellip;]<\/p>","protected":false},"featured_media":346,"template":"","meta":{"_monsterinsights_skip_tracking":false,"_monsterinsights_sitenote_active":false,"_monsterinsights_sitenote_note":"","_monsterinsights_sitenote_category":0,"site-sidebar-layout":"default","site-content-layout":"default","ast-site-content-layout":"","site-content-style":"default","site-sidebar-style":"default","ast-global-header-display":"","ast-banner-title-visibility":"","ast-main-header-display":"","ast-hfb-above-header-display":"","ast-hfb-below-header-display":"","ast-hfb-mobile-header-display":"","site-post-title":"","ast-breadcrumbs-content":"","ast-featured-img":"","footer-sml-layout":"","theme-transparent-header-meta":"default","adv-header-id-meta":"","stick-header-meta":"","header-above-stick-meta":"","header-main-stick-meta":"","header-below-stick-meta":"","astra-migrate-meta-layouts":"default","ast-page-background-enabled":"default","ast-page-background-meta":{"desktop":{"background-color":"var(--ast-global-color-4)","background-image":"","background-repeat":"repeat","background-position":"center center","background-size":"auto","background-attachment":"scroll","background-type":"","background-media":"","overlay-type":"","overlay-color":"","overlay-gradient":""},"tablet":{"background-color":"","background-image":"","background-repeat":"repeat","background-position":"center center","background-size":"auto","background-attachment":"scroll","background-type":"","background-media":"","overlay-type":"","overlay-color":"","overlay-gradient":""},"mobile":{"background-color":"","background-image":"","background-repeat":"repeat","background-position":"center center","background-size":"auto","background-attachment":"scroll","background-type":"","background-media":"","overlay-type":"","overlay-color":"","overlay-gradient":""}},"ast-content-background-meta":{"desktop":{"background-color":"var(--ast-global-color-5)","background-image":"","background-repeat":"repeat","background-position":"center center","background-size":"auto","background-attachment":"scroll","background-type":"","background-media":"","overlay-type":"","overlay-color":"","overlay-gradient":""},"tablet":{"background-color":"var(--ast-global-color-5)","background-image":"","background-repeat":"repeat","background-position":"center center","background-size":"auto","background-attachment":"scroll","background-type":"","background-media":"","overlay-type":"","overlay-color":"","overlay-gradient":""},"mobile":{"background-color":"var(--ast-global-color-5)","background-image":"","background-repeat":"repeat","background-position":"center center","background-size":"auto","background-attachment":"scroll","background-type":"","background-media":"","overlay-type":"","overlay-color":"","overlay-gradient":""}}},"product_cat":[39],"product_tag":[],"class_list":{"0":"post-166","1":"product","2":"type-product","3":"status-publish","4":"has-post-thumbnail","6":"product_cat-augstuma-regulejami-galdi","7":"desktop-align-left","8":"tablet-align-left","9":"mobile-align-left","10":"ast-product-gallery-layout-horizontal-slider","11":"ast-product-single-variable","12":"ast-product-tabs-layout-horizontal","14":"first","15":"instock","16":"taxable","17":"shipping-taxable","18":"purchasable","19":"product-type-variable"},"_links":{"self":[{"href":"https:\/\/furnismart.eu\/en\/wp-json\/wp\/v2\/product\/166","targetHints":{"allow":["GET"]}}],"collection":[{"href":"https:\/\/furnismart.eu\/en\/wp-json\/wp\/v2\/product"}],"about":[{"href":"https:\/\/furnismart.eu\/en\/wp-json\/wp\/v2\/types\/product"}],"wp:featuredmedia":[{"embeddable":true,"href":"https:\/\/furnismart.eu\/en\/wp-json\/wp\/v2\/media\/346"}],"wp:attachment":[{"href":"https:\/\/furnismart.eu\/en\/wp-json\/wp\/v2\/media?parent=166"}],"wp:term":[{"taxonomy":"product_cat","embeddable":true,"href":"https:\/\/furnismart.eu\/en\/wp-json\/wp\/v2\/product_cat?post=166"},{"taxonomy":"product_tag","embeddable":true,"href":"https:\/\/furnismart.eu\/en\/wp-json\/wp\/v2\/product_tag?post=166"}],"curies":[{"name":"wp","href":"https:\/\/api.w.org\/{rel}","templated":true}]}}