{"id":96,"date":"2023-02-27T10:45:19","date_gmt":"2023-02-27T10:45:19","guid":{"rendered":"https:\/\/furnismart.eu\/?post_type=product&#038;p=96"},"modified":"2024-09-12T13:17:19","modified_gmt":"2024-09-12T13:17:19","slug":"augstuma-regulejams-galds-ar-120-cm-x-70cm-galda-virsmu-un-2-posmu-kajam","status":"publish","type":"product","link":"https:\/\/furnismart.eu\/en\/veikals\/augstuma-regulejami-galdi\/augstuma-regulejams-galds-ar-120-cm-x-70cm-galda-virsmu-un-2-posmu-kajam\/","title":{"rendered":"HEIGHT ADJUSTABLE TABLE WITH 2 STROKE LEGS, 120 CM X 70 CM TABLE TOP"},"content":{"rendered":"<ul>\n<li>Stable height adjustable table with 2 motors and maximum lifting capacity of 120kg. Quality table frame in combination with 25mm thick table top are produced in Latvia with combination of electronical control panel from Austria. This will ensure its reliability for many years.<\/li>\n<li>Table top size 120 cm x 70 cm<\/li>\n<li>Table controls are equipped with anticollision and overload protection. In the case table comes in contact with obstacle, chair, shelf, during its movement up or down it will automatically shut off.<\/li>\n<li>Height of table top:\n<ul>\n<li>Lowest level 720mm<\/li>\n<li>Highest level 1285mm<\/li>\n<\/ul>\n<\/li>\n<li>Table feet has small adjustment screws to help level the system.<\/li>\n<\/ul>\n<p>Tables are delivered disassembled. Thanks to its unique design table assembly is very easy. Assembly manual is supplied together with the table.<\/p>\n<p>Table top is delivered in separate package.<\/p>\n<p>Weight of packaging:<\/p>\n<p>Table frame 25kg<\/p>\n<p>Table top 15kg<\/p>","protected":false},"excerpt":{"rendered":"<p>Stabils augstum\u0101 regul\u0113jams galds ar maksim\u0101lo slodzi l\u012bdz 120kg.<\/p>\n<p>Kvalitat\u012bvs galda r\u0101mis un 25mm darba virsma ir ra\u017eoti Latvij\u0101, kas kombin\u0101cij\u0101 ar elektronisko vad\u012bbu no Austrijas, nodro\u0161in\u0101s galda ilgm\u016b\u017e\u012bbu.<\/p>\n<p>Table top size 120 cm x 70 cm<\/p>\n<p>Table controls are equipped with anticollision and overload protection. In the case table comes in contact with obstacle, chair, shelf, during its movement up or down it will automatically shut off.<\/p>","protected":false},"featured_media":296,"template":"","meta":{"_monsterinsights_skip_tracking":false,"_monsterinsights_sitenote_active":false,"_monsterinsights_sitenote_note":"","_monsterinsights_sitenote_category":0,"site-sidebar-layout":"default","site-content-layout":"default","ast-site-content-layout":"default","site-content-style":"default","site-sidebar-style":"default","ast-global-header-display":"","ast-banner-title-visibility":"","ast-main-header-display":"","ast-hfb-above-header-display":"","ast-hfb-below-header-display":"","ast-hfb-mobile-header-display":"","site-post-title":"","ast-breadcrumbs-content":"","ast-featured-img":"","footer-sml-layout":"","theme-transparent-header-meta":"default","adv-header-id-meta":"","stick-header-meta":"","header-above-stick-meta":"","header-main-stick-meta":"","header-below-stick-meta":"","astra-migrate-meta-layouts":"set","ast-page-background-enabled":"default","ast-page-background-meta":{"desktop":{"background-color":"var(--ast-global-color-4)","background-image":"","background-repeat":"repeat","background-position":"center center","background-size":"auto","background-attachment":"scroll","background-type":"","background-media":"","overlay-type":"","overlay-color":"","overlay-gradient":""},"tablet":{"background-color":"","background-image":"","background-repeat":"repeat","background-position":"center center","background-size":"auto","background-attachment":"scroll","background-type":"","background-media":"","overlay-type":"","overlay-color":"","overlay-gradient":""},"mobile":{"background-color":"","background-image":"","background-repeat":"repeat","background-position":"center center","background-size":"auto","background-attachment":"scroll","background-type":"","background-media":"","overlay-type":"","overlay-color":"","overlay-gradient":""}},"ast-content-background-meta":{"desktop":{"background-color":"var(--ast-global-color-5)","background-image":"","background-repeat":"repeat","background-position":"center center","background-size":"auto","background-attachment":"scroll","background-type":"","background-media":"","overlay-type":"","overlay-color":"","overlay-gradient":""},"tablet":{"background-color":"var(--ast-global-color-5)","background-image":"","background-repeat":"repeat","background-position":"center center","background-size":"auto","background-attachment":"scroll","background-type":"","background-media":"","overlay-type":"","overlay-color":"","overlay-gradient":""},"mobile":{"background-color":"var(--ast-global-color-5)","background-image":"","background-repeat":"repeat","background-position":"center center","background-size":"auto","background-attachment":"scroll","background-type":"","background-media":"","overlay-type":"","overlay-color":"","overlay-gradient":""}}},"product_cat":[39],"product_tag":[59,55,61,58,60,54,57,56],"class_list":{"0":"post-96","1":"product","2":"type-product","3":"status-publish","4":"has-post-thumbnail","6":"product_cat-augstuma-regulejami-galdi","7":"product_tag-adjustable-table","8":"product_tag-biroja-galds","9":"product_tag-ergonomic-table","10":"product_tag-ergonomisks-galds","11":"product_tag-height-adjustable-table","12":"product_tag-pacelams-galds","13":"product_tag-regulejams-biroja-galds","14":"product_tag-regulejams-galds","15":"desktop-align-left","16":"tablet-align-left","17":"mobile-align-left","18":"ast-product-gallery-layout-horizontal-slider","19":"ast-product-single-variable","20":"ast-product-tabs-layout-horizontal","22":"first","23":"instock","24":"taxable","25":"shipping-taxable","26":"purchasable","27":"product-type-variable"},"_links":{"self":[{"href":"https:\/\/furnismart.eu\/en\/wp-json\/wp\/v2\/product\/96","targetHints":{"allow":["GET"]}}],"collection":[{"href":"https:\/\/furnismart.eu\/en\/wp-json\/wp\/v2\/product"}],"about":[{"href":"https:\/\/furnismart.eu\/en\/wp-json\/wp\/v2\/types\/product"}],"wp:featuredmedia":[{"embeddable":true,"href":"https:\/\/furnismart.eu\/en\/wp-json\/wp\/v2\/media\/296"}],"wp:attachment":[{"href":"https:\/\/furnismart.eu\/en\/wp-json\/wp\/v2\/media?parent=96"}],"wp:term":[{"taxonomy":"product_cat","embeddable":true,"href":"https:\/\/furnismart.eu\/en\/wp-json\/wp\/v2\/product_cat?post=96"},{"taxonomy":"product_tag","embeddable":true,"href":"https:\/\/furnismart.eu\/en\/wp-json\/wp\/v2\/product_tag?post=96"}],"curies":[{"name":"wp","href":"https:\/\/api.w.org\/{rel}","templated":true}]}}